{"id":1044,"date":"2024-04-03T10:10:05","date_gmt":"2024-04-03T09:10:05","guid":{"rendered":"http:\/\/www.o-bowling.com\/?page_id=1044"},"modified":"2024-04-03T09:28:41","modified_gmt":"2024-04-03T08:28:41","slug":"presentation","status":"publish","type":"page","link":"https:\/\/www.o-bowling.com\/st-amand\/presentation\/","title":{"rendered":"O&rsquo;BOWLING"},"content":{"rendered":"<p>Venez vous divertir au bowling de Saint Amand Les Eaux ! 18 pistes de bowling, un espace de jeux mais aussi un bar lounge.<\/p>\n<p>O\u2019Bowling vous accueille en famille ou entre amis pour un moment de d\u00e9tente. Vous pouvez \u00e9galement y r\u00e9server et organiser des \u00e9v\u00e8nements :<\/p>\n<p>anniversaire, s\u00e9minaire, soir\u00e9e \u00e0 th\u00e8me, enterrement de vie de c\u00e9libataire \u2026<\/p>\n<p>&nbsp;<\/p>\n<p>&nbsp;<\/p>\n<p>&nbsp;<\/p>\n<p><img loading=\"lazy\" decoding=\"async\" class=\"aligncenter wp-image-1785 size-full\" src=\"https:\/\/www.o-bowling.com\/st-amand\/wp-content\/uploads\/2014\/02\/dsc_7290.jpg\" alt=\"dsc_7290\" width=\"999\" height=\"664\" srcset=\"https:\/\/www.o-bowling.com\/st-amand\/wp-content\/uploads\/2014\/02\/dsc_7290.jpg 999w, https:\/\/www.o-bowling.com\/st-amand\/wp-content\/uploads\/2014\/02\/dsc_7290-340x226.jpg 340w, https:\/\/www.o-bowling.com\/st-amand\/wp-content\/uploads\/2014\/02\/dsc_7290-510x339.jpg 510w, https:\/\/www.o-bowling.com\/st-amand\/wp-content\/uploads\/2014\/02\/dsc_7290-272x182.jpg 272w\" sizes=\"auto, (max-width: 999px) 100vw, 999px\" \/><\/p>\n<p><img loading=\"lazy\" decoding=\"async\" class=\"aligncenter wp-image-1807 size-large\" src=\"https:\/\/www.o-bowling.com\/st-amand\/wp-content\/uploads\/2014\/02\/55A5129-bis-1133x678.jpg\" alt=\"_55A5129-bis\" width=\"1133\" height=\"678\" srcset=\"https:\/\/www.o-bowling.com\/st-amand\/wp-content\/uploads\/2014\/02\/55A5129-bis-1133x678.jpg 1133w, https:\/\/www.o-bowling.com\/st-amand\/wp-content\/uploads\/2014\/02\/55A5129-bis-378x226.jpg 378w, https:\/\/www.o-bowling.com\/st-amand\/wp-content\/uploads\/2014\/02\/55A5129-bis-566x339.jpg 566w, https:\/\/www.o-bowling.com\/st-amand\/wp-content\/uploads\/2014\/02\/55A5129-bis.jpg 2000w\" sizes=\"auto, (max-width: 1133px) 100vw, 1133px\" \/><\/p>\n<p style=\"text-align: justify;\"><img loading=\"lazy\" decoding=\"async\" class=\"aligncenter wp-image-1767 size-medium\" src=\"https:\/\/www.o-bowling.com\/st-amand\/wp-content\/uploads\/2014\/02\/DSC_7334-510x339.jpg\" alt=\"DSC_7334\" width=\"510\" height=\"339\" srcset=\"https:\/\/www.o-bowling.com\/st-amand\/wp-content\/uploads\/2014\/02\/DSC_7334-510x339.jpg 510w, https:\/\/www.o-bowling.com\/st-amand\/wp-content\/uploads\/2014\/02\/DSC_7334-340x226.jpg 340w, https:\/\/www.o-bowling.com\/st-amand\/wp-content\/uploads\/2014\/02\/DSC_7334-1020x678.jpg 1020w, https:\/\/www.o-bowling.com\/st-amand\/wp-content\/uploads\/2014\/02\/DSC_7334-272x182.jpg 272w\" sizes=\"auto, (max-width: 510px) 100vw, 510px\" \/><\/p>\n<p><img loading=\"lazy\" decoding=\"async\" class=\"aligncenter wp-image-1800 size-medium\" src=\"https:\/\/www.o-bowling.com\/st-amand\/wp-content\/uploads\/2014\/02\/DSC_7345-510x339.jpg\" alt=\"DSC_7345\" width=\"510\" height=\"339\" srcset=\"https:\/\/www.o-bowling.com\/st-amand\/wp-content\/uploads\/2014\/02\/DSC_7345-510x339.jpg 510w, https:\/\/www.o-bowling.com\/st-amand\/wp-content\/uploads\/2014\/02\/DSC_7345-340x226.jpg 340w, https:\/\/www.o-bowling.com\/st-amand\/wp-content\/uploads\/2014\/02\/DSC_7345-1020x678.jpg 1020w, https:\/\/www.o-bowling.com\/st-amand\/wp-content\/uploads\/2014\/02\/DSC_7345-272x182.jpg 272w\" sizes=\"auto, (max-width: 510px) 100vw, 510px\" \/><\/p>\n<p><img loading=\"lazy\" decoding=\"async\" class=\"aligncenter wp-image-1770 size-medium\" src=\"https:\/\/www.o-bowling.com\/st-amand\/wp-content\/uploads\/2014\/02\/DSC_7311-510x339.jpg\" alt=\"DSC_7311\" width=\"510\" height=\"339\" srcset=\"https:\/\/www.o-bowling.com\/st-amand\/wp-content\/uploads\/2014\/02\/DSC_7311-510x339.jpg 510w, https:\/\/www.o-bowling.com\/st-amand\/wp-content\/uploads\/2014\/02\/DSC_7311-340x226.jpg 340w, https:\/\/www.o-bowling.com\/st-amand\/wp-content\/uploads\/2014\/02\/DSC_7311-1020x678.jpg 1020w, https:\/\/www.o-bowling.com\/st-amand\/wp-content\/uploads\/2014\/02\/DSC_7311-272x182.jpg 272w\" sizes=\"auto, (max-width: 510px) 100vw, 510px\" \/><\/p>\n<p>O\u2019Bowling Saint Amand Les Eaux c\u2019est avant tout 18 pistes\u00a0de bowling de derni\u00e8re g\u00e9n\u00e9ration, en cours d&rsquo; homologation par la f\u00e9d\u00e9ration fran\u00e7aise de bowling.<\/p>\n<p>Venez profiter d\u2019un moment de d\u00e9tente en famille ou entre amis au bowling de\u00a0Saint Amand Les Eaux.\u00a0<\/p>\n<p>&nbsp;<\/p>\n<p>Chaque piste est \u00e9quip\u00e9e de canap\u00e9 en cuir, d&rsquo;un \u00e9cran scoreur haute d\u00e9finition.\u00a0<\/p>\n<p>&nbsp;<\/p>\n<p>&nbsp;<\/p>\n<h2>LE BAR LOUNGE<\/h2>\n<p>O\u2019Bowling c\u2019est un espace bar lounge \u00e0 la d\u00e9coration moderne et chaleureuse,muni d\u2019un \u00e9cran g\u00e9ant diffusant les plus grands \u00e9v\u00e8nements du moment, mais aussi d\u2019un espace DJ.<\/p>\n<p>N\u2019h\u00e9sitez pas \u00e0 venir vous d\u00e9tendre dans cet espace cosy pour y d\u00e9guster un cocktail en \u00e9coutant les derniers tubes du moment.<\/p>\n<p><img loading=\"lazy\" decoding=\"async\" class=\"aligncenter wp-image-1773 size-medium\" src=\"https:\/\/www.o-bowling.com\/st-amand\/wp-content\/uploads\/2014\/02\/DSC_7321-510x339.jpg\" alt=\"DSC_7321\" width=\"510\" height=\"339\" srcset=\"https:\/\/www.o-bowling.com\/st-amand\/wp-content\/uploads\/2014\/02\/DSC_7321-510x339.jpg 510w, https:\/\/www.o-bowling.com\/st-amand\/wp-content\/uploads\/2014\/02\/DSC_7321-340x226.jpg 340w, https:\/\/www.o-bowling.com\/st-amand\/wp-content\/uploads\/2014\/02\/DSC_7321-1020x678.jpg 1020w, https:\/\/www.o-bowling.com\/st-amand\/wp-content\/uploads\/2014\/02\/DSC_7321-272x182.jpg 272w\" sizes=\"auto, (max-width: 510px) 100vw, 510px\" \/><\/p>\n<p><img loading=\"lazy\" decoding=\"async\" class=\"aligncenter wp-image-1802 size-medium\" src=\"https:\/\/www.o-bowling.com\/st-amand\/wp-content\/uploads\/2014\/02\/DSC_7300-510x339.jpg\" alt=\"DSC_7300\" width=\"510\" height=\"339\" srcset=\"https:\/\/www.o-bowling.com\/st-amand\/wp-content\/uploads\/2014\/02\/DSC_7300-510x339.jpg 510w, https:\/\/www.o-bowling.com\/st-amand\/wp-content\/uploads\/2014\/02\/DSC_7300-340x226.jpg 340w, https:\/\/www.o-bowling.com\/st-amand\/wp-content\/uploads\/2014\/02\/DSC_7300-1020x678.jpg 1020w, https:\/\/www.o-bowling.com\/st-amand\/wp-content\/uploads\/2014\/02\/DSC_7300-272x182.jpg 272w\" sizes=\"auto, (max-width: 510px) 100vw, 510px\" \/><\/p>\n<p><img loading=\"lazy\" decoding=\"async\" class=\"aligncenter wp-image-1775 size-medium\" src=\"https:\/\/www.o-bowling.com\/st-amand\/wp-content\/uploads\/2014\/02\/DSC_7315-510x339.jpg\" alt=\"DSC_7315\" width=\"510\" height=\"339\" srcset=\"https:\/\/www.o-bowling.com\/st-amand\/wp-content\/uploads\/2014\/02\/DSC_7315-510x339.jpg 510w, https:\/\/www.o-bowling.com\/st-amand\/wp-content\/uploads\/2014\/02\/DSC_7315-340x226.jpg 340w, https:\/\/www.o-bowling.com\/st-amand\/wp-content\/uploads\/2014\/02\/DSC_7315-1020x678.jpg 1020w, https:\/\/www.o-bowling.com\/st-amand\/wp-content\/uploads\/2014\/02\/DSC_7315-272x182.jpg 272w\" sizes=\"auto, (max-width: 510px) 100vw, 510px\" \/><\/p>\n<p>Merci de cliquer sur le lien suivant pour consulter notre carte 2015: <\/p>\n<h2>ESPACE JEUX<\/h2>\n<p>Venez d\u00e9couvrir nos simulateurs de voiture de course, nos tables de air palet, nos paniers de basket mais aussi nos tables de billard am\u00e9ricain !<\/p>\n<p><img loading=\"lazy\" decoding=\"async\" class=\"aligncenter wp-image-1777 size-medium\" src=\"https:\/\/www.o-bowling.com\/st-amand\/wp-content\/uploads\/2014\/02\/DSC_7310-510x339.jpg\" alt=\"DSC_7310\" width=\"510\" height=\"339\" srcset=\"https:\/\/www.o-bowling.com\/st-amand\/wp-content\/uploads\/2014\/02\/DSC_7310-510x339.jpg 510w, https:\/\/www.o-bowling.com\/st-amand\/wp-content\/uploads\/2014\/02\/DSC_7310-340x226.jpg 340w, https:\/\/www.o-bowling.com\/st-amand\/wp-content\/uploads\/2014\/02\/DSC_7310-1020x678.jpg 1020w, https:\/\/www.o-bowling.com\/st-amand\/wp-content\/uploads\/2014\/02\/DSC_7310-272x182.jpg 272w\" sizes=\"auto, (max-width: 510px) 100vw, 510px\" \/><\/p>\n<p><img loading=\"lazy\" decoding=\"async\" class=\"aligncenter wp-image-1778 size-medium\" src=\"https:\/\/www.o-bowling.com\/st-amand\/wp-content\/uploads\/2014\/02\/DSC_7330-510x339.jpg\" alt=\"DSC_7330\" width=\"510\" height=\"339\" srcset=\"https:\/\/www.o-bowling.com\/st-amand\/wp-content\/uploads\/2014\/02\/DSC_7330-510x339.jpg 510w, https:\/\/www.o-bowling.com\/st-amand\/wp-content\/uploads\/2014\/02\/DSC_7330-340x226.jpg 340w, https:\/\/www.o-bowling.com\/st-amand\/wp-content\/uploads\/2014\/02\/DSC_7330-1020x678.jpg 1020w, https:\/\/www.o-bowling.com\/st-amand\/wp-content\/uploads\/2014\/02\/DSC_7330-272x182.jpg 272w\" sizes=\"auto, (max-width: 510px) 100vw, 510px\" \/><\/p>\n<p><img loading=\"lazy\" decoding=\"async\" class=\"aligncenter wp-image-1805 size-medium\" src=\"https:\/\/www.o-bowling.com\/st-amand\/wp-content\/uploads\/2014\/02\/55A9126-509x339.jpg\" alt=\"_55A9126\" width=\"509\" height=\"339\" srcset=\"https:\/\/www.o-bowling.com\/st-amand\/wp-content\/uploads\/2014\/02\/55A9126-509x339.jpg 509w, https:\/\/www.o-bowling.com\/st-amand\/wp-content\/uploads\/2014\/02\/55A9126-339x226.jpg 339w, https:\/\/www.o-bowling.com\/st-amand\/wp-content\/uploads\/2014\/02\/55A9126-1017x678.jpg 1017w, https:\/\/www.o-bowling.com\/st-amand\/wp-content\/uploads\/2014\/02\/55A9126-272x182.jpg 272w\" sizes=\"auto, (max-width: 509px) 100vw, 509px\" \/><\/p>\n","protected":false},"excerpt":{"rendered":"<p>Venez vous divertir au bowling de Saint Amand Les Eaux ! 18 pistes de bowling, un espace<\/p>\n","protected":false},"author":7,"featured_media":0,"parent":0,"menu_order":0,"comment_status":"closed","ping_status":"closed","template":"","meta":{"footnotes":""},"class_list":["post-1044","page","type-page","status-publish","hentry"],"_links":{"self":[{"href":"https:\/\/www.o-bowling.com\/st-amand\/wp-json\/wp\/v2\/pages\/1044","targetHints":{"allow":["GET"]}}],"collection":[{"href":"https:\/\/www.o-bowling.com\/st-amand\/wp-json\/wp\/v2\/pages"}],"about":[{"href":"https:\/\/www.o-bowling.com\/st-amand\/wp-json\/wp\/v2\/types\/page"}],"author":[{"embeddable":true,"href":"https:\/\/www.o-bowling.com\/st-amand\/wp-json\/wp\/v2\/users\/7"}],"replies":[{"embeddable":true,"href":"https:\/\/www.o-bowling.com\/st-amand\/wp-json\/wp\/v2\/comments?post=1044"}],"version-history":[{"count":90,"href":"https:\/\/www.o-bowling.com\/st-amand\/wp-json\/wp\/v2\/pages\/1044\/revisions"}],"predecessor-version":[{"id":4234,"href":"https:\/\/www.o-bowling.com\/st-amand\/wp-json\/wp\/v2\/pages\/1044\/revisions\/4234"}],"wp:attachment":[{"href":"https:\/\/www.o-bowling.com\/st-amand\/wp-json\/wp\/v2\/media?parent=1044"}],"curies":[{"name":"wp","href":"https:\/\/api.w.org\/{rel}","templated":true}]}}