{"id":156,"date":"2024-04-10T10:10:50","date_gmt":"2024-04-10T09:10:50","guid":{"rendered":"http:\/\/www.o-bowling.com\/wp\/?page_id=156"},"modified":"2024-04-03T09:28:18","modified_gmt":"2024-04-03T08:28:18","slug":"club-pro-bowling","status":"publish","type":"page","link":"https:\/\/www.o-bowling.com\/st-amand\/club-pro-bowling\/","title":{"rendered":"Le Club"},"content":{"rendered":"<p>&nbsp;<\/p>\n<p style=\"text-align: center;\"><strong>O\u2019Bowling organise une league ouvert \u00e0 tous tout les jeudis soirs,<\/strong><\/p>\n<div class=\"WordSection1\" style=\"text-align: center;\">\n<h6 style=\"text-align: center;\">4 parties pour 12\u20ac SEULEMENT !<\/h6>\n<\/div>\n<h3 style=\"text-align: center;\">L&rsquo;association O&rsquo;BOWLING CLUB<\/h3>\n<p style=\"text-align: center;\">\n<p style=\"text-align: center;\">Vous aimez le bowling et souhaitez devenir\u00a0\u00a0licenci\u00e9 ?<\/p>\n<p style=\"text-align: center;\">\n<p style=\"text-align: center;\">Pour pouvoir pratiquer le bowling sportif, il est indispensable d\u2019\u00eatre licenci\u00e9 aupr\u00e8s de la F\u00e9d\u00e9ration Fran\u00e7aise de Bowling et de Sports de Quilles.<\/p>\n<p style=\"text-align: center;\">Cette licence vous sera d\u00e9livr\u00e9e par O\u2019BOWLING CLUB<\/p>\n<p style=\"text-align: center;\">Elle vous permettra :<\/p>\n<ul style=\"text-align: center;\">\n<li>De b\u00e9n\u00e9ficier du tarif licenci\u00e9 \u00e0 2\u20ac la partie<\/li>\n<li>De participer aux entra\u00eenements du club,<\/li>\n<li>De vous inscrire aux comp\u00e9titions du Club,<\/li>\n<li>D\u2019avoir un classement F\u00e9d\u00e9ral (handicap), dont l\u2019\u00e9volution d\u00e9pendra de vos r\u00e9sultats sportifs.<\/li>\n<\/ul>\n<p style=\"text-align: center;\">\n<h3 style=\"text-align: center;\">ENTRAINEMENTS :<\/h3>\n<ul style=\"text-align: center;\">\n<li>A venir tr\u00e8s prochainement.<\/li>\n<\/ul>\n","protected":false},"excerpt":{"rendered":"<p>&nbsp; O\u2019Bowling organise une league ouvert \u00e0 tous tout les jeudis soirs, 4 parties pour 12\u20ac SEULEMENT<\/p>\n","protected":false},"author":7,"featured_media":0,"parent":0,"menu_order":6,"comment_status":"closed","ping_status":"closed","template":"","meta":{"footnotes":""},"class_list":["post-156","page","type-page","status-publish","hentry"],"_links":{"self":[{"href":"https:\/\/www.o-bowling.com\/st-amand\/wp-json\/wp\/v2\/pages\/156","targetHints":{"allow":["GET"]}}],"collection":[{"href":"https:\/\/www.o-bowling.com\/st-amand\/wp-json\/wp\/v2\/pages"}],"about":[{"href":"https:\/\/www.o-bowling.com\/st-amand\/wp-json\/wp\/v2\/types\/page"}],"author":[{"embeddable":true,"href":"https:\/\/www.o-bowling.com\/st-amand\/wp-json\/wp\/v2\/users\/7"}],"replies":[{"embeddable":true,"href":"https:\/\/www.o-bowling.com\/st-amand\/wp-json\/wp\/v2\/comments?post=156"}],"version-history":[{"count":25,"href":"https:\/\/www.o-bowling.com\/st-amand\/wp-json\/wp\/v2\/pages\/156\/revisions"}],"predecessor-version":[{"id":4244,"href":"https:\/\/www.o-bowling.com\/st-amand\/wp-json\/wp\/v2\/pages\/156\/revisions\/4244"}],"wp:attachment":[{"href":"https:\/\/www.o-bowling.com\/st-amand\/wp-json\/wp\/v2\/media?parent=156"}],"curies":[{"name":"wp","href":"https:\/\/api.w.org\/{rel}","templated":true}]}}