{"id":3829,"date":"2019-01-24T18:42:32","date_gmt":"2019-01-24T17:42:32","guid":{"rendered":"http:\/\/www.o-bowling.com\/st-amand\/?page_id=3829"},"modified":"2021-07-14T10:52:40","modified_gmt":"2021-07-14T09:52:40","slug":"reglement","status":"publish","type":"page","link":"https:\/\/www.o-bowling.com\/st-amand\/reglement\/","title":{"rendered":"REGLEMENT INTERIEUR"},"content":{"rendered":"<div id=\"pl-3829\"  class=\"panel-layout\" ><div id=\"pg-3829-0\"  class=\"panel-grid panel-no-style\" ><div id=\"pgc-3829-0-0\"  class=\"panel-grid-cell\" ><div id=\"panel-3829-0-0-0\" class=\"so-panel widget widget_text panel-first-child panel-last-child\" data-index=\"0\" >\t\t\t<div class=\"textwidget\"><ul>\n<li data-tadv-p=\"keep\">La direction se r\u00e9serve le droit de refuser l\u2019entr\u00e9e aux personnes ne consommant pas en salle ou ne jouant pas au bowling.<\/li>\n<li data-tadv-p=\"keep\">L\u2019acc\u00e8s au bowling peut \u00eatre d\u00e9finitivement refus\u00e9 \u00e0 toute personne susceptible de troubler le confort ou la s\u00e9curit\u00e9 de ses clients.<\/li>\n<li data-tadv-p=\"keep\">Une tenue correcte est exig\u00e9e. Le port de la casquette ou de tout autre couvre-chef est strictement interdit \u00e0 l\u2019int\u00e9rieur de l\u2019\u00e9tablissement.<\/li>\n<li data-tadv-p=\"keep\">Seul l\u2019usage des chaussures de bowling est autoris\u00e9 \u00e0 proximit\u00e9 des pistes, le port de tout autre type de chaussure y est interdit.<\/li>\n<li data-tadv-p=\"keep\">Il est interdit de sortir du bowling avec les chaussures mises \u00e0 disposition par le bowling, au besoin, des\u00a0 sur-chaussures sont propos\u00e9es \u00e0 l\u2019accueil.\u00a0Pour des raisons d\u2019hygi\u00e8ne, Le port des chaussettes est obligatoire, des chaussettes \u00e0 usage unique sont en vente \u00e0 l\u2019accueil.<\/li>\n<li data-tadv-p=\"keep\">Le client doit assurer lui-m\u00eame la garde des biens mat\u00e9riels qu\u2019il apporte, y inclus les articles de sport n\u00e9cessaires \u00e0 la pratique du bowling. La direction d\u00e9cline toute responsabilit\u00e9 en cas de perte, vol ou d\u00e9t\u00e9rioration des effets personnels de ses clients.<\/li>\n<li data-tadv-p=\"keep\">La direction d\u00e9cline toute responsabilit\u00e9 en cas de vol, dommages ou acte de vandalisme sur le parking et dans le bowling.<\/li>\n<\/ul>\n<\/div>\n\t\t<\/div><\/div><div id=\"pgc-3829-0-1\"  class=\"panel-grid-cell\" ><div id=\"panel-3829-0-1-0\" class=\"so-panel widget widget_text panel-first-child panel-last-child\" data-index=\"1\" >\t\t\t<div class=\"textwidget\"><ul>\n<li>Pour la s\u00e9curit\u00e9 de tous, notre \u00e9tablissement est plac\u00e9 sous vid\u00e9osurveillance.<\/li>\n<li data-tadv-p=\"keep\">L\u2019\u00e9tablissement n\u2019accepte pas les r\u00e8glements par ch\u00e8que, les cartes bancaires sont accept\u00e9es \u00e0 partir de 1 \u20ac, tous les prix sont nets et TTC.<\/li>\n<li data-tadv-p=\"keep\">Les photos prises au sein de l\u2019\u00e9tablissement peuvent \u00eatre diffus\u00e9es sur facebook ou sur notre site web, si vous ne souhaitez pas cette diffusion, merci d\u2019en informer la direction.<\/li>\n<li data-tadv-p=\"keep\">L\u2019abus d\u2019alcool est dangereux pour la sant\u00e9.<\/li>\n<li data-tadv-p=\"keep\">L\u2019\u00e9tablissement est enti\u00e8rement non fumeur. il est donc interdit de FUMER ou de VAPOTER dans l&rsquo;\u00e9tablissement.<\/li>\n<li data-tadv-p=\"keep\">Fumer vous expose \u00e0 une amende forfaitaire de 68 euros ou \u00e0 des poursuites judiciaires conform\u00e9ment au d\u00e9cret 2006-1386 du 15\/11\/06.<br \/>\nLes contrevenants s\u2019exposent \u00e0 une exclusion d\u00e9finitive.<\/li>\n<li data-tadv-p=\"keep\">Pour des raisons de s\u00e9curit\u00e9, aucune consommation ne peut sortir de l\u2019\u00e9tablissement.<br \/>\nIl est interdit de consommer toute boisson ou nourriture provenant de l\u2019ext\u00e9rieur.<\/li>\n<li data-tadv-p=\"keep\">Lors de la projection de tournois, matchs, ou de tout autre \u00e9v\u00e9nement, l\u2019entr\u00e9e sera payante pour tous. Le montant de l\u2019entr\u00e9e pourra \u00eatre d\u00e9duit du prix d\u2019une partie de bowling le m\u00eame jour.<\/li>\n<li data-tadv-p=\"keep\">L\u2019acc\u00e8s aux activit\u00e9s sportives est ouvert \u00e0 tous, les mineurs de moins de 16 ans doivent \u00eatre accompagn\u00e9s d\u2019une personne majeure.<\/li>\n<li data-tadv-p=\"keep\">La vente d\u2019alcool est strictement interdite et se verra refus\u00e9e \u00e0 tout mineur.<\/li>\n<li data-tadv-p=\"keep\">Les animaux sont interdits dans l\u2019enceinte de l\u2019\u00e9tablissement.<\/li>\n<li data-tadv-p=\"keep\">Le port de la casquette \/ bonnet est interdit, seuls les couvre-chefs fond\u00e9s sur l&rsquo;expression reconnue d&rsquo;une religion ou par \u00e9gard \u00e0 une maladie invalidante, sont autoris\u00e9s.<\/li>\n<li data-tadv-p=\"keep\">Par mesure d&rsquo;hygi\u00e8ne, le port de chaussettes est obligatoire dans les chaussures de bowling pr\u00eat\u00e9es par l&rsquo;\u00c9tablissement. En cas d&rsquo;absence vous devez obligatoirement acqu\u00e9rir une paire de chaussettes jetables au prix de 1\u20ac<\/li>\n<\/ul>\n<\/div>\n\t\t<\/div><\/div><\/div><\/div>","protected":false},"excerpt":{"rendered":"<p>La direction se r\u00e9serve le droit de refuser l\u2019entr\u00e9e aux personnes ne consommant pas en salle ou<\/p>\n","protected":false},"author":7,"featured_media":0,"parent":0,"menu_order":0,"comment_status":"closed","ping_status":"closed","template":"","meta":{"footnotes":""},"class_list":["post-3829","page","type-page","status-publish","hentry"],"_links":{"self":[{"href":"https:\/\/www.o-bowling.com\/st-amand\/wp-json\/wp\/v2\/pages\/3829","targetHints":{"allow":["GET"]}}],"collection":[{"href":"https:\/\/www.o-bowling.com\/st-amand\/wp-json\/wp\/v2\/pages"}],"about":[{"href":"https:\/\/www.o-bowling.com\/st-amand\/wp-json\/wp\/v2\/types\/page"}],"author":[{"embeddable":true,"href":"https:\/\/www.o-bowling.com\/st-amand\/wp-json\/wp\/v2\/users\/7"}],"replies":[{"embeddable":true,"href":"https:\/\/www.o-bowling.com\/st-amand\/wp-json\/wp\/v2\/comments?post=3829"}],"version-history":[{"count":3,"href":"https:\/\/www.o-bowling.com\/st-amand\/wp-json\/wp\/v2\/pages\/3829\/revisions"}],"predecessor-version":[{"id":4283,"href":"https:\/\/www.o-bowling.com\/st-amand\/wp-json\/wp\/v2\/pages\/3829\/revisions\/4283"}],"wp:attachment":[{"href":"https:\/\/www.o-bowling.com\/st-amand\/wp-json\/wp\/v2\/media?parent=3829"}],"curies":[{"name":"wp","href":"https:\/\/api.w.org\/{rel}","templated":true}]}}