{"id":402,"date":"2024-04-10T10:10:11","date_gmt":"2024-04-10T09:10:11","guid":{"rendered":"http:\/\/www.o-bowling.com\/wp\/?page_id=402"},"modified":"2024-04-03T09:28:51","modified_gmt":"2024-04-03T08:28:51","slug":"anniversaires","status":"publish","type":"page","link":"https:\/\/www.o-bowling.com\/st-amand\/anniversaires\/","title":{"rendered":"Anniversaires"},"content":{"rendered":"<div id=\"pl-402\"  class=\"panel-layout\" ><div id=\"pg-402-0\"  class=\"panel-grid panel-no-style\" ><div id=\"pgc-402-0-0\"  class=\"panel-grid-cell\" ><div id=\"panel-402-0-0-0\" class=\"so-panel widget widget_black-studio-tinymce widget_black_studio_tinymce panel-first-child panel-last-child\" data-index=\"0\" ><div class=\"textwidget\"><p>&nbsp;<\/p>\n<h5 style=\"text-align: center;\"><strong>Votre enfant f\u00eatera bient\u00f4t son anniversaire? Notre staff O\u2019BOWLING s\u2019occupe de tout!<\/strong><\/h5>\n<p style=\"text-align: center;\">\n<p style=\"text-align: center;\"><img loading=\"lazy\" decoding=\"async\" width=\"1024\" height=\"641\" src=\"https:\/\/www.o-bowling.com\/st-amand\/wp-content\/uploads\/2023\/09\/OFFRE-WEB_OBSTA.jpg\" alt=\"\" class=\"aligncenter size-full wp-image-4321\" srcset=\"https:\/\/www.o-bowling.com\/st-amand\/wp-content\/uploads\/2023\/09\/OFFRE-WEB_OBSTA.jpg 1024w, https:\/\/www.o-bowling.com\/st-amand\/wp-content\/uploads\/2023\/09\/OFFRE-WEB_OBSTA-542x339.jpg 542w, https:\/\/www.o-bowling.com\/st-amand\/wp-content\/uploads\/2023\/09\/OFFRE-WEB_OBSTA-361x226.jpg 361w, https:\/\/www.o-bowling.com\/st-amand\/wp-content\/uploads\/2023\/09\/OFFRE-WEB_OBSTA-768x481.jpg 768w\" sizes=\"auto, (max-width: 1024px) 100vw, 1024px\" \/><\/p>\n<\/div><\/div><\/div><\/div><div id=\"pg-402-1\"  class=\"panel-grid panel-no-style\" ><div id=\"pgc-402-1-0\"  class=\"panel-grid-cell\" ><div id=\"panel-402-1-0-0\" class=\"so-panel widget widget_black-studio-tinymce widget_black_studio_tinymce panel-first-child panel-last-child\" data-index=\"1\" ><div class=\"textwidget\"><h5><strong>FORMULE ANNIV' CLASSIC :<\/strong><\/h5>\n<p>Cette formule comprend:<\/p>\n<p>&nbsp;<\/p>\n<p>- 1 boisson* par personne<\/p>\n<p>- 1 partie de bowling avec chaussures incluses<\/p>\n<p>- 1 g\u00e2teau d'anniversaire personnalis\u00e9<\/p>\n<p>- Des bonbons HARIBO<\/p>\n<p>Votre enfant ne paye pas !un petit cadeau l'attend \u00e9galement ;-)<\/p>\n<p>Offre reserv\u00e9e pour un groupe de 6 personnes minimun.<\/p>\n<p>Voir conditions ...<\/p>\n<p>&nbsp;<\/p>\n<p><strong>13,90 \u20ac<\/strong><\/p>\n<h5>\u00a0<\/h5>\n<\/div><\/div><\/div><div id=\"pgc-402-1-1\"  class=\"panel-grid-cell\" ><div id=\"panel-402-1-1-0\" class=\"so-panel widget widget_black-studio-tinymce widget_black_studio_tinymce panel-first-child panel-last-child\" data-index=\"2\" ><div class=\"textwidget\"><h5><strong>FORMULE ANNIV' DOUBLE\u00a0:<\/strong><\/h5>\n<p>Cette formule attractive comprend:<\/p>\n<p>&nbsp;<\/p>\n<p>- 2 boissons* par personne<\/p>\n<p>- 2 parties de bowling avec chaussures incluses<\/p>\n<p>- 1 g\u00e2teau d'anniversaire personnalis\u00e9<\/p>\n<p>- Des bonbons HARIBO<\/p>\n<p>&nbsp;<\/p>\n<p>Votre enfant ne paye pas !un petit cadeau l'attend \u00e9galement ;-)<\/p>\n<p>Offre reserv\u00e9e pour un groupe de 6 personnes minimum.<\/p>\n<p>Voir conditions ...<\/p>\n<p>&nbsp;<\/p>\n<p><strong>17,00 \u20ac<\/strong><\/p>\n<\/div><\/div><\/div><div id=\"pgc-402-1-2\"  class=\"panel-grid-cell\" ><div id=\"panel-402-1-2-0\" class=\"so-panel widget widget_black-studio-tinymce widget_black_studio_tinymce panel-first-child panel-last-child\" data-index=\"3\" ><div class=\"textwidget\"><h5><strong>FORMULE SUR MESURE\u00a0:<\/strong><\/h5>\n<p>Cette formule VIP est \u00e0 composer selon vos envies :<\/p>\n<p>\u00a0<\/p>\n<p>- \u00a0boissons au choix<\/p>\n<p>- \u00a0Parties de bowling \u00e0 d\u00e9finir<\/p>\n<p>- 1 g\u00e2teau d'anniversaire sur mesure<\/p>\n<p>- \u00a0etc..<\/p>\n<p>\u00a0<\/p>\n<p>Offre reserv\u00e9e pour un groupe de 6 personnes minimum.<\/p>\n<p>Voir conditions ...<\/p>\n<p>\u00a0<\/p>\n<p><b>Sur devis.\u00a0<\/b><\/p>\n<\/div><\/div><\/div><\/div><div id=\"pg-402-2\"  class=\"panel-grid panel-no-style\" ><div id=\"pgc-402-2-0\"  class=\"panel-grid-cell\" ><div id=\"panel-402-2-0-0\" class=\"so-panel widget widget_black-studio-tinymce widget_black_studio_tinymce panel-first-child panel-last-child\" data-index=\"4\" ><div class=\"textwidget\"><p style=\"text-align: center;\"><strong>boissons au choix : coca-cola, orangina, jus d'orange, ananas, pamplemousse, pomme, ice tea, limonade.<\/strong><\/p>\n<h1 style=\"text-align: center;\"><strong><i><i>Valable pour un groupe de 6 personnes minimum.<br \/>\nr\u00e9servation obligatoire SUR PLACE<br \/>\nElle SERA VALIDER APRES REcEPTION d'UN ACOMPTE de 20 %.<\/i><\/i><\/strong><\/h1>\n<p style=\"text-align: center;\">\n<h5><strong>T\u00e9l\u00e9chargez vos cartons d'invitations :<\/strong><\/h5>\n<p>Simplifiez vous la vie ! passer nous voir et on vous offre les cartons d'invitation ou bien t\u00e9l\u00e9charger les ci apr\u00e8s :<\/p>\n<p>&nbsp;<\/p>\n<p>Version PDF<\/p>\n<p><p><img decoding=\"async\" src=\"http:\/\/www.o-bowling.com\/st-amand\/wp-content\/plugins\/wp-downloadmanager\/images\/ext\/pdf.gif\" alt=\"\" title=\"\" style=\"vertical-align: middle;\" \/>&nbsp;&nbsp;<strong><a href=\"https:\/\/www.o-bowling.com\/st-amand\/download\/4\/\">anniv-SAINT-AMAND.pdf<\/a><\/strong> (unknown, 2\u00a0982 hits)<\/p><\/p>\n<p>&nbsp;<\/p>\n<\/div><\/div><\/div><\/div><\/div>","protected":false},"excerpt":{"rendered":"<p>&nbsp; Votre enfant f\u00eatera bient\u00f4t son anniversaire? Notre staff O\u2019BOWLING s\u2019occupe de tout! FORMULE ANNIV&rsquo; CLASSIC :<\/p>\n","protected":false},"author":7,"featured_media":0,"parent":0,"menu_order":3,"comment_status":"closed","ping_status":"closed","template":"","meta":{"footnotes":""},"class_list":["post-402","page","type-page","status-publish","hentry"],"_links":{"self":[{"href":"https:\/\/www.o-bowling.com\/st-amand\/wp-json\/wp\/v2\/pages\/402","targetHints":{"allow":["GET"]}}],"collection":[{"href":"https:\/\/www.o-bowling.com\/st-amand\/wp-json\/wp\/v2\/pages"}],"about":[{"href":"https:\/\/www.o-bowling.com\/st-amand\/wp-json\/wp\/v2\/types\/page"}],"author":[{"embeddable":true,"href":"https:\/\/www.o-bowling.com\/st-amand\/wp-json\/wp\/v2\/users\/7"}],"replies":[{"embeddable":true,"href":"https:\/\/www.o-bowling.com\/st-amand\/wp-json\/wp\/v2\/comments?post=402"}],"version-history":[{"count":82,"href":"https:\/\/www.o-bowling.com\/st-amand\/wp-json\/wp\/v2\/pages\/402\/revisions"}],"predecessor-version":[{"id":4342,"href":"https:\/\/www.o-bowling.com\/st-amand\/wp-json\/wp\/v2\/pages\/402\/revisions\/4342"}],"wp:attachment":[{"href":"https:\/\/www.o-bowling.com\/st-amand\/wp-json\/wp\/v2\/media?parent=402"}],"curies":[{"name":"wp","href":"https:\/\/api.w.org\/{rel}","templated":true}]}}