{"id":4177,"date":"2024-04-03T10:10:20","date_gmt":"2024-04-03T09:10:20","guid":{"rendered":"http:\/\/www.o-bowling.com\/st-amand\/?page_id=4177"},"modified":"2024-12-02T10:23:02","modified_gmt":"2024-12-02T09:23:02","slug":"accueil","status":"publish","type":"page","link":"https:\/\/www.o-bowling.com\/st-amand\/","title":{"rendered":"ACCUEIL"},"content":{"rendered":"<div id=\"pl-4177\"  class=\"panel-layout\" ><div id=\"pg-4177-0\"  class=\"panel-grid panel-no-style\" ><div id=\"pgc-4177-0-0\"  class=\"panel-grid-cell\" ><div id=\"panel-4177-0-0-0\" class=\"so-panel widget widget_sow-image panel-first-child panel-last-child\" data-index=\"0\" ><div\n\t\t\t\n\t\t\tclass=\"so-widget-sow-image so-widget-sow-image-default-334eeca80698-4177\"\n\t\t\t\n\t\t>\n\n<div class=\"sow-image-container\">\n\t\t\t<a href=\"https:\/\/www.o-bowling.com\/st-amand\/presentation\/\"\n\t\t\t\t\t>\n\t\t\t<img loading=\"lazy\" decoding=\"async\" src=\"https:\/\/www.o-bowling.com\/st-amand\/wp-content\/uploads\/2020\/09\/o-bowloing2.jpg\" width=\"400\" height=\"400\" srcset=\"https:\/\/www.o-bowling.com\/st-amand\/wp-content\/uploads\/2020\/09\/o-bowloing2.jpg 400w, https:\/\/www.o-bowling.com\/st-amand\/wp-content\/uploads\/2020\/09\/o-bowloing2-339x339.jpg 339w, https:\/\/www.o-bowling.com\/st-amand\/wp-content\/uploads\/2020\/09\/o-bowloing2-226x226.jpg 226w\" sizes=\"auto, (max-width: 400px) 100vw, 400px\" title=\"LE BOWLING\" alt=\"LE BOWLING\" \t\tclass=\"so-widget-image\"\/>\n\t<\/a><\/div>\n\n<h3 class=\"widget-title\">LE BOWLING<\/h3><\/div><\/div><\/div><div id=\"pgc-4177-0-1\"  class=\"panel-grid-cell\" ><div id=\"panel-4177-0-1-0\" class=\"so-panel widget widget_sow-image panel-first-child panel-last-child\" data-index=\"1\" ><div\n\t\t\t\n\t\t\tclass=\"so-widget-sow-image so-widget-sow-image-default-334eeca80698-4177\"\n\t\t\t\n\t\t>\n\n<div class=\"sow-image-container\">\n\t\t\t<a href=\"https:\/\/www.o-bowling.com\/st-amand\/anniversaires\/\"\n\t\t\t\t\t>\n\t\t\t<img loading=\"lazy\" decoding=\"async\" src=\"https:\/\/www.o-bowling.com\/st-amand\/wp-content\/uploads\/2020\/09\/anniv-1.jpg\" width=\"400\" height=\"400\" srcset=\"https:\/\/www.o-bowling.com\/st-amand\/wp-content\/uploads\/2020\/09\/anniv-1.jpg 400w, https:\/\/www.o-bowling.com\/st-amand\/wp-content\/uploads\/2020\/09\/anniv-1-339x339.jpg 339w, https:\/\/www.o-bowling.com\/st-amand\/wp-content\/uploads\/2020\/09\/anniv-1-226x226.jpg 226w\" sizes=\"auto, (max-width: 400px) 100vw, 400px\" title=\"OFFRES ANNIVERSAIRES\" alt=\"ANNIVERSAIRES\" \t\tclass=\"so-widget-image\"\/>\n\t<\/a><\/div>\n\n<h3 class=\"widget-title\">OFFRES ANNIVERSAIRES<\/h3><\/div><\/div><\/div><div id=\"pgc-4177-0-2\"  class=\"panel-grid-cell\" ><div id=\"panel-4177-0-2-0\" class=\"so-panel widget widget_sow-image panel-first-child panel-last-child\" data-index=\"2\" ><div\n\t\t\t\n\t\t\tclass=\"so-widget-sow-image so-widget-sow-image-default-334eeca80698-4177\"\n\t\t\t\n\t\t>\n\n<div class=\"sow-image-container\">\n\t\t\t<a href=\"https:\/\/www.o-bowling.com\/st-amand\/offres\/\"\n\t\t\t\t\t>\n\t\t\t<img loading=\"lazy\" decoding=\"async\" src=\"https:\/\/www.o-bowling.com\/st-amand\/wp-content\/uploads\/2020\/09\/offre-1.jpg\" width=\"400\" height=\"400\" srcset=\"https:\/\/www.o-bowling.com\/st-amand\/wp-content\/uploads\/2020\/09\/offre-1.jpg 400w, https:\/\/www.o-bowling.com\/st-amand\/wp-content\/uploads\/2020\/09\/offre-1-339x339.jpg 339w, https:\/\/www.o-bowling.com\/st-amand\/wp-content\/uploads\/2020\/09\/offre-1-226x226.jpg 226w\" sizes=\"auto, (max-width: 400px) 100vw, 400px\" title=\"OFFRES SP\u00c9CIALES\" alt=\"OFFRES SP\u00c9CIALES\" \t\tclass=\"so-widget-image\"\/>\n\t<\/a><\/div>\n\n<h3 class=\"widget-title\">OFFRES SP\u00c9CIALES<\/h3><\/div><\/div><\/div><div id=\"pgc-4177-0-3\"  class=\"panel-grid-cell\" ><div id=\"panel-4177-0-3-0\" class=\"so-panel widget widget_sow-image panel-first-child panel-last-child\" data-index=\"3\" ><div\n\t\t\t\n\t\t\tclass=\"so-widget-sow-image so-widget-sow-image-default-334eeca80698-4177\"\n\t\t\t\n\t\t>\n\n<div class=\"sow-image-container\">\n\t\t\t<a href=\"https:\/\/www.o-bowling.com\/st-amand\/groupe-et-ce\/\"\n\t\t\t\t\t>\n\t\t\t<img loading=\"lazy\" decoding=\"async\" src=\"https:\/\/www.o-bowling.com\/st-amand\/wp-content\/uploads\/2020\/09\/ce-1.jpg\" width=\"400\" height=\"400\" srcset=\"https:\/\/www.o-bowling.com\/st-amand\/wp-content\/uploads\/2020\/09\/ce-1.jpg 400w, https:\/\/www.o-bowling.com\/st-amand\/wp-content\/uploads\/2020\/09\/ce-1-339x339.jpg 339w, https:\/\/www.o-bowling.com\/st-amand\/wp-content\/uploads\/2020\/09\/ce-1-226x226.jpg 226w\" sizes=\"auto, (max-width: 400px) 100vw, 400px\" title=\"ENTREPRISES \/ CE\" alt=\"OFFRES ENTREPRISES\/CE\" \t\tclass=\"so-widget-image\"\/>\n\t<\/a><\/div>\n\n<h3 class=\"widget-title\">ENTREPRISES \/ CE<\/h3><\/div><\/div><\/div><\/div><div id=\"pg-4177-1\"  class=\"panel-grid panel-no-style\" ><div id=\"pgc-4177-1-0\"  class=\"panel-grid-cell\" ><div id=\"panel-4177-1-0-0\" class=\"so-panel widget widget_sow-editor panel-first-child panel-last-child\" data-index=\"4\" ><div class=\"panel-widget-style panel-widget-style-for-4177-1-0-0\" ><div\n\t\t\t\n\t\t\tclass=\"so-widget-sow-editor so-widget-sow-editor-base\"\n\t\t\t\n\t\t><h3 class=\"widget-title\">A PROPOS DE NOUS<\/h3>\n<div class=\"siteorigin-widget-tinymce textwidget\">\n\t<ul>\n<li>18 pistes<\/li>\n<li>Un Bar lounge ou nos barmans vous servent de vrais mocktails et cocktails \u00e0 base de jus de fruit Caraibos et non des pr\u00e9-mix ; un choix de whisky, Gin et Rhum, des cocktails de la semaine ou du mois.<\/li>\n<li>Un espace billard am\u00e9ricain.<\/li>\n<li>Une zone de jeu vid\u00e9o adapt\u00e9 aux enfants.<\/li>\n<li>Du snacking sucr\u00e9 : Cr\u00eapes , gaufres, Milkshakes, etc\u2026<\/li>\n<li>La possibilit\u00e9 de privatiser l\u2019\u00e9tablissement pour vos animations toute au long de l\u2019ann\u00e9e.<\/li>\n<li>Des formules anniversaires adapt\u00e9es pour vos enfants.<\/li>\n<li>Une ambiance musicale adapt\u00e9 \u00e0 la client\u00e8le.<\/li>\n<li>Des \u00e9crans pour suivre les grands \u00e9v\u00e9nements nationaux !!!<\/li>\n<\/ul>\n<\/div>\n<\/div><\/div><\/div><\/div><div id=\"pgc-4177-1-1\"  class=\"panel-grid-cell\" ><br \/>\n<b>Warning<\/b>:  Undefined variable $class in <b>\/home\/clients\/3c5271f20d530eaa423ceacd843c78ec\/web\/st-amand\/wp-content\/plugins\/opening-hours\/widget.php<\/b> on line <b>1172<\/b><br \/>\n<div id=\"panel-4177-1-1-0\" class=\"so-panel widget widget_we_are_open we-are-open panel-first-child panel-last-child\" data-index=\"5\" ><h3 class=\"widget-title\">HORAIRES D&rsquo;OUVERTURES<\/h3><table class=\"opening-hours opening-hours-widget\">\r\n\t<tr class=\"day lundi past weekday closed\">\r\n\t\t<th class=\"day-name\">Lundi<\/th>\r\n\t\t<td class=\"hours\">Sur Privatisation<\/td>\r\n\t<\/tr>\r\n\t<tr class=\"day mardi past weekday closed\">\r\n\t\t<th class=\"day-name\">Mardi<\/th>\r\n\t\t<td class=\"hours\">Sur Privatisation<\/td>\r\n\t<\/tr>\r\n\t<tr class=\"day mercredi past weekday\">\r\n\t\t<th class=\"day-name\">Mercredi<\/th>\r\n\t\t<td class=\"hours\">14:00 \u2013 00:00<\/td>\r\n\t<\/tr>\r\n\t<tr class=\"day jeudi past weekday\">\r\n\t\t<th class=\"day-name\">Jeudi<\/th>\r\n\t\t<td class=\"hours\">14:00 \u2013 00:00<\/td>\r\n\t<\/tr>\r\n\t<tr class=\"day vendredi past weekday\">\r\n\t\t<th class=\"day-name\">Vendredi<\/th>\r\n\t\t<td class=\"hours\">14:00 \u2013 02:00<\/td>\r\n\t<\/tr>\r\n\t<tr class=\"day samedi past weekend\">\r\n\t\t<th class=\"day-name\">Samedi<\/th>\r\n\t\t<td class=\"hours\">14:00 \u2013 02:00<\/td>\r\n\t<\/tr>\r\n\t<tr class=\"day dimanche today weekend\">\r\n\t\t<th class=\"day-name\">Dimanche<\/th>\r\n\t\t<td class=\"hours\">10:00 \u2013 19:00<\/td>\r\n\t<\/tr>\r\n<\/table>\r\n<\/div><\/div><\/div><div id=\"pg-4177-2\"  class=\"panel-grid panel-no-style\" ><div id=\"pgc-4177-2-0\"  class=\"panel-grid-cell panel-grid-cell-empty\" ><\/div><div id=\"pgc-4177-2-1\"  class=\"panel-grid-cell panel-grid-cell-empty panel-grid-cell-mobile-last\" ><\/div><div id=\"pgc-4177-2-2\"  class=\"panel-grid-cell panel-grid-cell-empty\" ><\/div><\/div><\/div>","protected":false},"excerpt":{"rendered":"<p>18 pistes Un Bar lounge ou nos barmans vous servent de vrais mocktails et cocktails \u00e0 base<\/p>\n","protected":false},"author":7,"featured_media":0,"parent":0,"menu_order":0,"comment_status":"closed","ping_status":"closed","template":"accueil.php","meta":{"footnotes":""},"class_list":["post-4177","page","type-page","status-publish","hentry"],"_links":{"self":[{"href":"https:\/\/www.o-bowling.com\/st-amand\/wp-json\/wp\/v2\/pages\/4177","targetHints":{"allow":["GET"]}}],"collection":[{"href":"https:\/\/www.o-bowling.com\/st-amand\/wp-json\/wp\/v2\/pages"}],"about":[{"href":"https:\/\/www.o-bowling.com\/st-amand\/wp-json\/wp\/v2\/types\/page"}],"author":[{"embeddable":true,"href":"https:\/\/www.o-bowling.com\/st-amand\/wp-json\/wp\/v2\/users\/7"}],"replies":[{"embeddable":true,"href":"https:\/\/www.o-bowling.com\/st-amand\/wp-json\/wp\/v2\/comments?post=4177"}],"version-history":[{"count":11,"href":"https:\/\/www.o-bowling.com\/st-amand\/wp-json\/wp\/v2\/pages\/4177\/revisions"}],"predecessor-version":[{"id":4380,"href":"https:\/\/www.o-bowling.com\/st-amand\/wp-json\/wp\/v2\/pages\/4177\/revisions\/4380"}],"wp:attachment":[{"href":"https:\/\/www.o-bowling.com\/st-amand\/wp-json\/wp\/v2\/media?parent=4177"}],"curies":[{"name":"wp","href":"https:\/\/api.w.org\/{rel}","templated":true}]}}